{"id":142,"date":"2011-04-13T01:12:48","date_gmt":"2011-04-12T23:12:48","guid":{"rendered":"http:\/\/dockteateramuse2.wordpress.com\/?page_id=142"},"modified":"2011-04-13T01:12:48","modified_gmt":"2011-04-12T23:12:48","slug":"forestallningar","status":"publish","type":"page","link":"https:\/\/wp.joakimdenstore.se\/?page_id=142","title":{"rendered":"TIDIGARE"},"content":{"rendered":"<div id=\"attachment_147\" style=\"width: 253px\" class=\"wp-caption alignleft\"><a href=\"http:\/\/dockteateramuse2.files.wordpress.com\/2011\/04\/dsc_00771.jpg\"><img aria-describedby=\"caption-attachment-147\" loading=\"lazy\" class=\"size-medium wp-image-147 \" title=\"ETT LITET SPEKTAKEL\" src=\"http:\/\/dockteateramuse2.files.wordpress.com\/2011\/04\/dsc_00771.jpg?w=300\" alt=\"\" width=\"243\" height=\"161\" srcset=\"http:\/\/media.joakimdenstore.se\/2011\/04\/dsc_00771.jpg 3008w, http:\/\/media.joakimdenstore.se\/2011\/04\/dsc_00771-300x199.jpg 300w, http:\/\/media.joakimdenstore.se\/2011\/04\/dsc_00771-1024x680.jpg 1024w\" sizes=\"(max-width: 243px) 100vw, 243px\" \/><\/a><p id=\"caption-attachment-147\" class=\"wp-caption-text\">&quot;Ett Litet Spektakel&quot; Tessinska Palatsets g\u00e5rd. Statens Fastighetsverk maj 2008<\/p><\/div>\n<div id=\"attachment_148\" style=\"width: 253px\" class=\"wp-caption alignright\"><a href=\"http:\/\/dockteateramuse2.files.wordpress.com\/2011\/04\/dsc_0090.jpg\"><img aria-describedby=\"caption-attachment-148\" loading=\"lazy\" class=\"size-medium wp-image-148 \" title=\"DSC_0090\" src=\"http:\/\/dockteateramuse2.files.wordpress.com\/2011\/04\/dsc_0090.jpg?w=300\" alt=\"\" width=\"243\" height=\"161\" srcset=\"http:\/\/media.joakimdenstore.se\/2011\/04\/dsc_0090.jpg 3008w, http:\/\/media.joakimdenstore.se\/2011\/04\/dsc_0090-300x199.jpg 300w, http:\/\/media.joakimdenstore.se\/2011\/04\/dsc_0090-1024x680.jpg 1024w\" sizes=\"(max-width: 243px) 100vw, 243px\" \/><\/a><p id=\"caption-attachment-148\" class=\"wp-caption-text\">&quot;Historien om den unge fiskaren Urashima Taro&quot; p\u00e5 \u00d6stasiatiska museet h\u00f6sten 2008<\/p><\/div>\n","protected":false},"excerpt":{"rendered":"","protected":false},"author":2,"featured_media":0,"parent":0,"menu_order":7,"comment_status":"closed","ping_status":"open","template":"","meta":[],"_links":{"self":[{"href":"https:\/\/wp.joakimdenstore.se\/index.php?rest_route=\/wp\/v2\/pages\/142"}],"collection":[{"href":"https:\/\/wp.joakimdenstore.se\/index.php?rest_route=\/wp\/v2\/pages"}],"about":[{"href":"https:\/\/wp.joakimdenstore.se\/index.php?rest_route=\/wp\/v2\/types\/page"}],"author":[{"embeddable":true,"href":"https:\/\/wp.joakimdenstore.se\/index.php?rest_route=\/wp\/v2\/users\/2"}],"replies":[{"embeddable":true,"href":"https:\/\/wp.joakimdenstore.se\/index.php?rest_route=%2Fwp%2Fv2%2Fcomments&post=142"}],"version-history":[{"count":0,"href":"https:\/\/wp.joakimdenstore.se\/index.php?rest_route=\/wp\/v2\/pages\/142\/revisions"}],"wp:attachment":[{"href":"https:\/\/wp.joakimdenstore.se\/index.php?rest_route=%2Fwp%2Fv2%2Fmedia&parent=142"}],"curies":[{"name":"wp","href":"https:\/\/api.w.org\/{rel}","templated":true}]}}