{"id":18,"date":"2011-04-12T11:02:56","date_gmt":"2011-04-12T09:02:56","guid":{"rendered":"http:\/\/dockteateramuse2.wordpress.com\/?page_id=18"},"modified":"2011-04-12T11:02:56","modified_gmt":"2011-04-12T09:02:56","slug":"hem","status":"publish","type":"page","link":"https:\/\/wp.joakimdenstore.se\/?page_id=18","title":{"rendered":"OM OSS"},"content":{"rendered":"<div id=\"attachment_243\" style=\"width: 310px\" class=\"wp-caption alignleft\"><a href=\"http:\/\/dockteateramuse2.files.wordpress.com\/2011\/04\/grc3a5dockor-005.jpg\"><img aria-describedby=\"caption-attachment-243\" loading=\"lazy\" class=\"size-medium wp-image-243 \" title=\"grc3a5dockor-005.jpg\" src=\"http:\/\/dockteateramuse2.files.wordpress.com\/2011\/04\/grc3a5dockor-005.jpg?w=300\" alt=\"\" width=\"300\" height=\"199\" srcset=\"http:\/\/media.joakimdenstore.se\/2011\/04\/grc3a5dockor-005.jpg 3008w, http:\/\/media.joakimdenstore.se\/2011\/04\/grc3a5dockor-005-300x199.jpg 300w, http:\/\/media.joakimdenstore.se\/2011\/04\/grc3a5dockor-005-1024x680.jpg 1024w\" sizes=\"(max-width: 300px) 100vw, 300px\" \/><\/a><p id=\"caption-attachment-243\" class=\"wp-caption-text\">Vi spelar f\u00f6r stora och sm\u00e5!<\/p><\/div>\n<p>Dockteater Amus\u00e9 \u00e4r en teatergrupp med dockor\u00a0i ensemblen. Vi spelar \u00a0med marionetter som styrs med hj\u00e4lp av tr\u00e5dar. Hos oss kan man\u00a0man m\u00f6ta ett sv\u00e4vande samvete p\u00e5 rymmen eller en\u00a0st\u00e4dtr\u00f6tt konfrencier som\u00a0spisar stenkakor p\u00e5 vevgrammofon. Vi g\u00f6r ocks\u00e5 tidsresor i minnets skafferi och trollar osynliga blommor att sl\u00e5 ut d\u00e4r asfalten skiner blank! V\u00e5ra f\u00f6rest\u00e4llningar passar f\u00f6r stora\u00a0och f\u00f6r sm\u00e5 och vi har spelat p\u00e5\u00a0\u00d6stasiatiska Museet, \u00a0Tessinska\u00a0Palatsets g\u00e5rd, \u00a0Julita g\u00e5rd i S\u00f6rmland och p\u00e5 M\u00e5ngkulturellt Centrum i Fittja f\u00f6r att n\u00e4mna n\u00e5gra st\u00e4llen. Och s\u00e5 turnerar vi till f\u00f6rskolor, skolor och \u00e4ldreboenden.\u00a0 Vi spelar ocks\u00e5 p\u00e5 KALAS f\u00f6r det finns alltid n\u00e5got fint att fira.<\/p>\n<p>Ring s\u00e5 spelar vi!<\/p>\n","protected":false},"excerpt":{"rendered":"<p>Dockteater Amus\u00e9 \u00e4r en teatergrupp med dockor\u00a0i ensemblen. Vi spelar \u00a0med marionetter som styrs med hj\u00e4lp av tr\u00e5dar. Hos oss kan man\u00a0man m\u00f6ta ett sv\u00e4vande samvete p\u00e5 rymmen eller en\u00a0st\u00e4dtr\u00f6tt konfrencier som\u00a0spisar stenkakor p\u00e5 vevgrammofon. Vi g\u00f6r ocks\u00e5 tidsresor i &hellip; <a href=\"https:\/\/wp.joakimdenstore.se\/?page_id=18\">Forts\u00e4tt l\u00e4sa <span class=\"meta-nav\">&rarr;<\/span><\/a><\/p>\n","protected":false},"author":2,"featured_media":0,"parent":0,"menu_order":1,"comment_status":"closed","ping_status":"closed","template":"","meta":[],"_links":{"self":[{"href":"https:\/\/wp.joakimdenstore.se\/index.php?rest_route=\/wp\/v2\/pages\/18"}],"collection":[{"href":"https:\/\/wp.joakimdenstore.se\/index.php?rest_route=\/wp\/v2\/pages"}],"about":[{"href":"https:\/\/wp.joakimdenstore.se\/index.php?rest_route=\/wp\/v2\/types\/page"}],"author":[{"embeddable":true,"href":"https:\/\/wp.joakimdenstore.se\/index.php?rest_route=\/wp\/v2\/users\/2"}],"replies":[{"embeddable":true,"href":"https:\/\/wp.joakimdenstore.se\/index.php?rest_route=%2Fwp%2Fv2%2Fcomments&post=18"}],"version-history":[{"count":0,"href":"https:\/\/wp.joakimdenstore.se\/index.php?rest_route=\/wp\/v2\/pages\/18\/revisions"}],"wp:attachment":[{"href":"https:\/\/wp.joakimdenstore.se\/index.php?rest_route=%2Fwp%2Fv2%2Fmedia&parent=18"}],"curies":[{"name":"wp","href":"https:\/\/api.w.org\/{rel}","templated":true}]}}