{"id":257,"date":"2011-04-29T01:18:33","date_gmt":"2011-04-28T23:18:33","guid":{"rendered":"http:\/\/dockteateramuse2.wordpress.com\/?page_id=257"},"modified":"2011-04-29T01:18:33","modified_gmt":"2011-04-28T23:18:33","slug":"forskoledrama","status":"publish","type":"page","link":"https:\/\/wp.joakimdenstore.se\/?page_id=257","title":{"rendered":"F\u00f6rskoledrama"},"content":{"rendered":"<p><strong><a href=\"http:\/\/dockteateramuse2.files.wordpress.com\/2011\/04\/dsc_00941.jpg\"><img loading=\"lazy\" class=\"alignright size-medium wp-image-278\" title=\"DSC_0094\" src=\"http:\/\/dockteateramuse2.files.wordpress.com\/2011\/04\/dsc_00941.jpg?w=300\" alt=\"\" width=\"300\" height=\"199\" srcset=\"http:\/\/media.joakimdenstore.se\/2011\/04\/dsc_00941.jpg 3008w, http:\/\/media.joakimdenstore.se\/2011\/04\/dsc_00941-300x199.jpg 300w, http:\/\/media.joakimdenstore.se\/2011\/04\/dsc_00941-1024x680.jpg 1024w\" sizes=\"(max-width: 300px) 100vw, 300px\" \/><\/a><\/strong>Dockteater Amus\u00e9 \u00a0leder Dramalek \u00a0f\u00f6r \u00e5ldern 3 \u00e5r och upp\u00e5t. \u00a0 Vi bygger\u00a0 \u00e4ventyr d\u00e4r gruppen\u00a0utvecklar sin fantasi,\u00a0l\u00f6ser probler\u00a0 och pr\u00f6var olika roller. \u00a0Temat kan vara relationer, v\u00e4nskap ,\u00a0 mod eller \u00e4mnen som rymden, havet och \u00e5rstiderna. \u00a0Dockor och rekvisita s\u00e4tter fantasin i r\u00f6relse och rim och ramsar ur barnens stora skattkammare f\u00f6ljer med p\u00e5 \u00e4ventyren. Dramalek passar ocks\u00e5 bra f\u00f6r barnkalas!<\/p>\n<p>Referens: F\u00f6rskolan vi som v\u00e4xer och Teater &amp; Dramaskolan i Stockholm<\/p>\n","protected":false},"excerpt":{"rendered":"<p>Dockteater Amus\u00e9 \u00a0leder Dramalek \u00a0f\u00f6r \u00e5ldern 3 \u00e5r och upp\u00e5t. \u00a0 Vi bygger\u00a0 \u00e4ventyr d\u00e4r gruppen\u00a0utvecklar sin fantasi,\u00a0l\u00f6ser probler\u00a0 och pr\u00f6var olika roller. \u00a0Temat kan vara relationer, v\u00e4nskap ,\u00a0 mod eller \u00e4mnen som rymden, havet och \u00e5rstiderna. \u00a0Dockor och rekvisita &hellip; <a href=\"https:\/\/wp.joakimdenstore.se\/?page_id=257\">Forts\u00e4tt l\u00e4sa <span class=\"meta-nav\">&rarr;<\/span><\/a><\/p>\n","protected":false},"author":2,"featured_media":0,"parent":62,"menu_order":5,"comment_status":"open","ping_status":"open","template":"","meta":[],"_links":{"self":[{"href":"https:\/\/wp.joakimdenstore.se\/index.php?rest_route=\/wp\/v2\/pages\/257"}],"collection":[{"href":"https:\/\/wp.joakimdenstore.se\/index.php?rest_route=\/wp\/v2\/pages"}],"about":[{"href":"https:\/\/wp.joakimdenstore.se\/index.php?rest_route=\/wp\/v2\/types\/page"}],"author":[{"embeddable":true,"href":"https:\/\/wp.joakimdenstore.se\/index.php?rest_route=\/wp\/v2\/users\/2"}],"replies":[{"embeddable":true,"href":"https:\/\/wp.joakimdenstore.se\/index.php?rest_route=%2Fwp%2Fv2%2Fcomments&post=257"}],"version-history":[{"count":0,"href":"https:\/\/wp.joakimdenstore.se\/index.php?rest_route=\/wp\/v2\/pages\/257\/revisions"}],"up":[{"embeddable":true,"href":"https:\/\/wp.joakimdenstore.se\/index.php?rest_route=\/wp\/v2\/pages\/62"}],"wp:attachment":[{"href":"https:\/\/wp.joakimdenstore.se\/index.php?rest_route=%2Fwp%2Fv2%2Fmedia&parent=257"}],"curies":[{"name":"wp","href":"https:\/\/api.w.org\/{rel}","templated":true}]}}