{"id":267,"date":"2011-04-29T01:42:30","date_gmt":"2011-04-28T23:42:30","guid":{"rendered":"http:\/\/dockteateramuse2.wordpress.com\/?page_id=267"},"modified":"2011-04-29T01:42:30","modified_gmt":"2011-04-28T23:42:30","slug":"dockteaterkurs-for-barn","status":"publish","type":"page","link":"https:\/\/wp.joakimdenstore.se\/?page_id=267","title":{"rendered":"Dockteaterkurs f\u00f6r barn"},"content":{"rendered":"<p><a href=\"http:\/\/dockteateramuse2.files.wordpress.com\/2011\/04\/ansc3b6kan-015.jpg\"><img loading=\"lazy\" class=\"alignright size-medium wp-image-337\" title=\"Ans\u00f6kan 015\" src=\"http:\/\/dockteateramuse2.files.wordpress.com\/2011\/04\/ansc3b6kan-015.jpg?w=300\" alt=\"\" width=\"300\" height=\"236\" \/><\/a>I samarbete med Sensus studief\u00f6rbund ges kurser i Docktillverkning och dockspel. Deltagarna tillverkar egna hand-dockor och vi avslutar med en dockteaterf\u00f6rest\u00e4llning. N\u00e4sta kursstart blir h\u00f6sten 2011.<\/p>\n","protected":false},"excerpt":{"rendered":"<p>I samarbete med Sensus studief\u00f6rbund ges kurser i Docktillverkning och dockspel. Deltagarna tillverkar egna hand-dockor och vi avslutar med en dockteaterf\u00f6rest\u00e4llning. N\u00e4sta kursstart blir h\u00f6sten 2011.<\/p>\n","protected":false},"author":2,"featured_media":0,"parent":62,"menu_order":1,"comment_status":"open","ping_status":"open","template":"","meta":[],"_links":{"self":[{"href":"https:\/\/wp.joakimdenstore.se\/index.php?rest_route=\/wp\/v2\/pages\/267"}],"collection":[{"href":"https:\/\/wp.joakimdenstore.se\/index.php?rest_route=\/wp\/v2\/pages"}],"about":[{"href":"https:\/\/wp.joakimdenstore.se\/index.php?rest_route=\/wp\/v2\/types\/page"}],"author":[{"embeddable":true,"href":"https:\/\/wp.joakimdenstore.se\/index.php?rest_route=\/wp\/v2\/users\/2"}],"replies":[{"embeddable":true,"href":"https:\/\/wp.joakimdenstore.se\/index.php?rest_route=%2Fwp%2Fv2%2Fcomments&post=267"}],"version-history":[{"count":0,"href":"https:\/\/wp.joakimdenstore.se\/index.php?rest_route=\/wp\/v2\/pages\/267\/revisions"}],"up":[{"embeddable":true,"href":"https:\/\/wp.joakimdenstore.se\/index.php?rest_route=\/wp\/v2\/pages\/62"}],"wp:attachment":[{"href":"https:\/\/wp.joakimdenstore.se\/index.php?rest_route=%2Fwp%2Fv2%2Fmedia&parent=267"}],"curies":[{"name":"wp","href":"https:\/\/api.w.org\/{rel}","templated":true}]}}