{"id":57,"date":"2011-04-12T13:04:56","date_gmt":"2011-04-12T11:04:56","guid":{"rendered":"http:\/\/dockteateramuse2.wordpress.com\/?page_id=57"},"modified":"2011-04-12T13:04:56","modified_gmt":"2011-04-12T11:04:56","slug":"kalas","status":"publish","type":"page","link":"https:\/\/wp.joakimdenstore.se\/?page_id=57","title":{"rendered":"KALAS"},"content":{"rendered":"<p><a href=\"http:\/\/dockteateramuse2.files.wordpress.com\/2011\/04\/p10002363.jpg\"><img loading=\"lazy\" class=\"alignright size-medium wp-image-188\" title=\"KALAS\" src=\"http:\/\/dockteateramuse2.files.wordpress.com\/2011\/04\/p10002363.jpg?w=300\" alt=\"\" width=\"300\" height=\"200\" srcset=\"http:\/\/media.joakimdenstore.se\/2011\/04\/p10002363.jpg 4000w, http:\/\/media.joakimdenstore.se\/2011\/04\/p10002363-300x200.jpg 300w, http:\/\/media.joakimdenstore.se\/2011\/04\/p10002363-1024x684.jpg 1024w\" sizes=\"(max-width: 300px) 100vw, 300px\" \/><\/a>Dockteater Amus\u00e9 spelar p\u00e5 Barnkalas, studentmottagningar, br\u00f6llop, 50- \u00e5rsfester\u00a0 och andra festligheter. V\u00e5ra dockor skr\u00e4ddarsyr\u00a0 en uppvaktning till alla livets h\u00f6gtider med t. ex tal till jubilaren\u00a0 eller\u00a0 fiskdamm med r\u00e4varna Foxy och Revi. En vimsig trollkarl seglar kanh\u00e4nda f\u00f6rbi i sin svarta hatt. T\u00e4nk om han trollar bort skattkartan till godisjakten!<\/p>\n<p>Till\u00a0 Barnkalaset kan man ocks\u00e5 v\u00e4lja\u00a0 DOCKTEATERF\u00d6REST\u00c4LLNING\u00a0 eller KALAS\u00c4VENYTR .\u00a0 Just nu spelas<strong> Matilda \u00c4ppel P\u00e4ppel!<\/strong>\u00a0 och<strong> Sagan om Barnet med 1000 leksaker och en objuden g\u00e4st<\/strong>. I KALAS\u00c4VENTYREN \u00e4r barnen sj\u00e4lva\u00a0 med och spelar: V\u00e4lj mellan <strong>Pirat \u00e4ventyret<\/strong>, Parisresan, <strong>Tummeliten p\u00e5 \u00e4ventyr\u00a0<\/strong> Stora Trollets Klumpedunskalas eller ett \u00c4ventyr efter egna \u00f6nskem\u00e5l. Passar fr\u00e5n \u00e5ldern 3 \u00e5r och upp\u00e5t.<\/p>\n","protected":false},"excerpt":{"rendered":"<p>Dockteater Amus\u00e9 spelar p\u00e5 Barnkalas, studentmottagningar, br\u00f6llop, 50- \u00e5rsfester\u00a0 och andra festligheter. V\u00e5ra dockor skr\u00e4ddarsyr\u00a0 en uppvaktning till alla livets h\u00f6gtider med t. ex tal till jubilaren\u00a0 eller\u00a0 fiskdamm med r\u00e4varna Foxy och Revi. En vimsig trollkarl seglar kanh\u00e4nda f\u00f6rbi &hellip; <a href=\"https:\/\/wp.joakimdenstore.se\/?page_id=57\">Forts\u00e4tt l\u00e4sa <span class=\"meta-nav\">&rarr;<\/span><\/a><\/p>\n","protected":false},"author":2,"featured_media":0,"parent":0,"menu_order":4,"comment_status":"closed","ping_status":"open","template":"","meta":[],"_links":{"self":[{"href":"https:\/\/wp.joakimdenstore.se\/index.php?rest_route=\/wp\/v2\/pages\/57"}],"collection":[{"href":"https:\/\/wp.joakimdenstore.se\/index.php?rest_route=\/wp\/v2\/pages"}],"about":[{"href":"https:\/\/wp.joakimdenstore.se\/index.php?rest_route=\/wp\/v2\/types\/page"}],"author":[{"embeddable":true,"href":"https:\/\/wp.joakimdenstore.se\/index.php?rest_route=\/wp\/v2\/users\/2"}],"replies":[{"embeddable":true,"href":"https:\/\/wp.joakimdenstore.se\/index.php?rest_route=%2Fwp%2Fv2%2Fcomments&post=57"}],"version-history":[{"count":0,"href":"https:\/\/wp.joakimdenstore.se\/index.php?rest_route=\/wp\/v2\/pages\/57\/revisions"}],"wp:attachment":[{"href":"https:\/\/wp.joakimdenstore.se\/index.php?rest_route=%2Fwp%2Fv2%2Fmedia&parent=57"}],"curies":[{"name":"wp","href":"https:\/\/api.w.org\/{rel}","templated":true}]}}